{"id":6507,"date":"2024-08-12T09:33:14","date_gmt":"2024-08-12T06:33:14","guid":{"rendered":"https:\/\/www.thecait.com\/cart\/"},"modified":"2024-09-24T22:27:19","modified_gmt":"2024-09-24T19:27:19","slug":"cart","status":"publish","type":"page","link":"https:\/\/www.thecait.com\/en\/cart\/","title":{"rendered":"Cart"},"content":{"rendered":"\n<div data-block-name=\"woocommerce\/cart\" class=\"wp-block-woocommerce-cart alignwide is-loading\">\n<div data-block-name=\"woocommerce\/filled-cart-block\" class=\"wp-block-woocommerce-filled-cart-block\">\n<div data-block-name=\"woocommerce\/cart-items-block\" class=\"wp-block-woocommerce-cart-items-block\">\n<div data-block-name=\"woocommerce\/cart-line-items-block\" class=\"wp-block-woocommerce-cart-line-items-block\"><\/div>\n\n\n\n<div data-block-name=\"woocommerce\/cart-cross-sells-block\" class=\"wp-block-woocommerce-cart-cross-sells-block\">\n<h2 class=\"wp-block-heading has-large-font-size\">\u0130lginizi \u00e7ekebilir\u2026<\/h2>\n\n\n\n<div data-block-name=\"woocommerce\/cart-cross-sells-products-block\" class=\"wp-block-woocommerce-cart-cross-sells-products-block\"><\/div>\n<\/div>\n<\/div>\n\n\n\n<div data-block-name=\"woocommerce\/cart-totals-block\" class=\"wp-block-woocommerce-cart-totals-block\">\n<div data-block-name=\"woocommerce\/cart-order-summary-block\" class=\"wp-block-woocommerce-cart-order-summary-block\">\n<div data-block-name=\"woocommerce\/cart-order-summary-heading-block\" class=\"wp-block-woocommerce-cart-order-summary-heading-block\"><\/div><div data-block-name=\"woocommerce\/cart-order-summary-coupon-form-block\" class=\"wp-block-woocommerce-cart-order-summary-coupon-form-block\"><\/div><div data-block-name=\"woocommerce\/cart-order-summary-totals-block\" class=\"wp-block-woocommerce-cart-order-summary-totals-block\">\n<div data-block-name=\"woocommerce\/cart-order-summary-subtotal-block\" class=\"wp-block-woocommerce-cart-order-summary-subtotal-block\"><\/div>\n<div data-block-name=\"woocommerce\/cart-order-summary-discount-block\" class=\"wp-block-woocommerce-cart-order-summary-discount-block\"><\/div>\n<div data-block-name=\"woocommerce\/cart-order-summary-fee-block\" class=\"wp-block-woocommerce-cart-order-summary-fee-block\"><\/div>\n<div data-block-name=\"woocommerce\/cart-order-summary-shipping-block\" class=\"wp-block-woocommerce-cart-order-summary-shipping-block\"><\/div>\n<div data-block-name=\"woocommerce\/cart-order-summary-taxes-block\" class=\"wp-block-woocommerce-cart-order-summary-taxes-block\"><\/div><\/div>\n<\/div>\n\n\n\n<div data-block-name=\"woocommerce\/cart-express-payment-block\" class=\"wp-block-woocommerce-cart-express-payment-block\"><\/div>\n\n\n\n<div data-block-name=\"woocommerce\/proceed-to-checkout-block\" class=\"wp-block-woocommerce-proceed-to-checkout-block\"><\/div>\n\n\n\n<div data-block-name=\"woocommerce\/cart-accepted-payment-methods-block\" class=\"wp-block-woocommerce-cart-accepted-payment-methods-block\"><\/div>\n<\/div>\n<\/div>\n\n\n\n<div data-block-name=\"woocommerce\/empty-cart-block\" class=\"wp-block-woocommerce-empty-cart-block\">\n<h2 class=\"wp-block-heading has-text-align-center with-empty-cart-icon wc-block-cart__empty-cart__title\">Sepetiniz \u015fu anda bo\u015f!<\/h2>\n\n\n\n<hr class=\"wp-block-separator has-alpha-channel-opacity is-style-dots\"\/>\n\n\n\n<h2 class=\"wp-block-heading has-text-align-center\">Ma\u011fazada yeni<\/h2>\n\n\n<div data-block-name=\"woocommerce\/product-new\" data-columns=\"4\" data-rows=\"1\" class=\"wc-block-grid wp-block-product-new wp-block-woocommerce-product-new wc-block-product-new has-4-columns\"><ul class=\"wc-block-grid__products\"><li class=\"wc-block-grid__product\">\n\t\t\t\t<a href=\"https:\/\/www.thecait.com\/en\/product\/ren-set-black\/\" class=\"wc-block-grid__product-link\">\n\t\t\t\t\t\n\t\t\t\t\t<div class=\"wc-block-grid__product-image\"><img fetchpriority=\"high\" decoding=\"async\" width=\"1200\" height=\"1799\" src=\"https:\/\/www.thecait.com\/wp-content\/uploads\/2026\/01\/Caits-FW-26-E-Comm-0271-pht-1200x1799.jpg\" class=\"attachment-woocommerce_thumbnail size-woocommerce_thumbnail\" alt=\"Ren Set\" srcset=\"https:\/\/www.thecait.com\/wp-content\/uploads\/2026\/01\/Caits-FW-26-E-Comm-0271-pht-1200x1799.jpg 1200w, https:\/\/www.thecait.com\/wp-content\/uploads\/2026\/01\/Caits-FW-26-E-Comm-0271-pht-200x300.jpg 200w, https:\/\/www.thecait.com\/wp-content\/uploads\/2026\/01\/Caits-FW-26-E-Comm-0271-pht-683x1024.jpg 683w, https:\/\/www.thecait.com\/wp-content\/uploads\/2026\/01\/Caits-FW-26-E-Comm-0271-pht-768x1151.jpg 768w, https:\/\/www.thecait.com\/wp-content\/uploads\/2026\/01\/Caits-FW-26-E-Comm-0271-pht-1025x1536.jpg 1025w, https:\/\/www.thecait.com\/wp-content\/uploads\/2026\/01\/Caits-FW-26-E-Comm-0271-pht-1366x2048.jpg 1366w, https:\/\/www.thecait.com\/wp-content\/uploads\/2026\/01\/Caits-FW-26-E-Comm-0271-pht-scaled.jpg 1708w\" sizes=\"(max-width: 1200px) 100vw, 1200px\" \/><\/div>\n\t\t\t\t\t<div class=\"wc-block-grid__product-title\">Ren Set<\/div>\n\t\t\t\t<\/a>\n\t\t\t\t<div class=\"wc-block-grid__product-price price\"><span class=\"woocommerce-Price-amount amount\">210,00&nbsp;<span class=\"woocommerce-Price-currencySymbol\">&euro;<\/span><\/span><\/div>\n\t\t\t\t\n\t\t\t\t<div class=\"wp-block-button wc-block-grid__product-add-to-cart\"><a href=\"https:\/\/www.thecait.com\/en\/product\/ren-set-black\/\" aria-label=\"Select options for &ldquo;Ren Set&rdquo;\" data-quantity=\"1\" data-product_id=\"8912\" data-product_sku=\"\" data-price=\"130.2\" rel=\"nofollow\" class=\"wp-block-button__link  add_to_cart_button\">Select options<\/a><\/div>\n\t\t\t<\/li><li class=\"wc-block-grid__product\">\n\t\t\t\t<a href=\"https:\/\/www.thecait.com\/en\/product\/ren-set-navy-blue\/\" class=\"wc-block-grid__product-link\">\n\t\t\t\t\t\n\t\t\t\t\t<div class=\"wc-block-grid__product-image\"><img decoding=\"async\" width=\"1200\" height=\"1799\" src=\"https:\/\/www.thecait.com\/wp-content\/uploads\/2026\/01\/1-21-1200x1799.jpg\" class=\"attachment-woocommerce_thumbnail size-woocommerce_thumbnail\" alt=\"Ren Set\" srcset=\"https:\/\/www.thecait.com\/wp-content\/uploads\/2026\/01\/1-21-1200x1799.jpg 1200w, https:\/\/www.thecait.com\/wp-content\/uploads\/2026\/01\/1-21-200x300.jpg 200w, https:\/\/www.thecait.com\/wp-content\/uploads\/2026\/01\/1-21-683x1024.jpg 683w, https:\/\/www.thecait.com\/wp-content\/uploads\/2026\/01\/1-21-768x1151.jpg 768w, https:\/\/www.thecait.com\/wp-content\/uploads\/2026\/01\/1-21-1025x1536.jpg 1025w, https:\/\/www.thecait.com\/wp-content\/uploads\/2026\/01\/1-21-1366x2048.jpg 1366w, https:\/\/www.thecait.com\/wp-content\/uploads\/2026\/01\/1-21-scaled.jpg 1708w\" sizes=\"(max-width: 1200px) 100vw, 1200px\" \/><\/div>\n\t\t\t\t\t<div class=\"wc-block-grid__product-title\">Ren Set<\/div>\n\t\t\t\t<\/a>\n\t\t\t\t<div class=\"wc-block-grid__product-price price\"><span class=\"woocommerce-Price-amount amount\">210,00&nbsp;<span class=\"woocommerce-Price-currencySymbol\">&euro;<\/span><\/span><\/div>\n\t\t\t\t\n\t\t\t\t<div class=\"wp-block-button wc-block-grid__product-add-to-cart\"><a href=\"https:\/\/www.thecait.com\/en\/product\/ren-set-navy-blue\/\" aria-label=\"Select options for &ldquo;Ren Set&rdquo;\" data-quantity=\"1\" data-product_id=\"8874\" data-product_sku=\"\" data-price=\"130.2\" rel=\"nofollow\" class=\"wp-block-button__link  add_to_cart_button\">Select options<\/a><\/div>\n\t\t\t<\/li><li class=\"wc-block-grid__product\">\n\t\t\t\t<a href=\"https:\/\/www.thecait.com\/en\/product\/kali-skirt\/\" class=\"wc-block-grid__product-link\">\n\t\t\t\t\t\n\t\t\t\t\t<div class=\"wc-block-grid__product-image\"><img decoding=\"async\" width=\"1200\" height=\"1799\" src=\"https:\/\/www.thecait.com\/wp-content\/uploads\/2026\/01\/Caits-FW-26-E-Comm-0057-pht2-1200x1799.jpg\" class=\"attachment-woocommerce_thumbnail size-woocommerce_thumbnail\" alt=\"Kali Skirt\" srcset=\"https:\/\/www.thecait.com\/wp-content\/uploads\/2026\/01\/Caits-FW-26-E-Comm-0057-pht2-1200x1799.jpg 1200w, https:\/\/www.thecait.com\/wp-content\/uploads\/2026\/01\/Caits-FW-26-E-Comm-0057-pht2-200x300.jpg 200w, https:\/\/www.thecait.com\/wp-content\/uploads\/2026\/01\/Caits-FW-26-E-Comm-0057-pht2-683x1024.jpg 683w, https:\/\/www.thecait.com\/wp-content\/uploads\/2026\/01\/Caits-FW-26-E-Comm-0057-pht2-768x1151.jpg 768w, https:\/\/www.thecait.com\/wp-content\/uploads\/2026\/01\/Caits-FW-26-E-Comm-0057-pht2-1025x1536.jpg 1025w, https:\/\/www.thecait.com\/wp-content\/uploads\/2026\/01\/Caits-FW-26-E-Comm-0057-pht2-1366x2048.jpg 1366w, https:\/\/www.thecait.com\/wp-content\/uploads\/2026\/01\/Caits-FW-26-E-Comm-0057-pht2-scaled.jpg 1708w\" sizes=\"(max-width: 1200px) 100vw, 1200px\" \/><\/div>\n\t\t\t\t\t<div class=\"wc-block-grid__product-title\">Kali Skirt<\/div>\n\t\t\t\t<\/a>\n\t\t\t\t<div class=\"wc-block-grid__product-price price\"><span class=\"woocommerce-Price-amount amount\">100,00&nbsp;<span class=\"woocommerce-Price-currencySymbol\">&euro;<\/span><\/span><\/div>\n\t\t\t\t\n\t\t\t\t<div class=\"wp-block-button wc-block-grid__product-add-to-cart\"><a href=\"https:\/\/www.thecait.com\/en\/product\/kali-skirt\/\" aria-label=\"Select options for &ldquo;Kali Skirt&rdquo;\" data-quantity=\"1\" data-product_id=\"8844\" data-product_sku=\"\" data-price=\"60.9\" rel=\"nofollow\" class=\"wp-block-button__link  add_to_cart_button\">Select options<\/a><\/div>\n\t\t\t<\/li><li class=\"wc-block-grid__product\">\n\t\t\t\t<a href=\"https:\/\/www.thecait.com\/en\/product\/kali-shirt\/\" class=\"wc-block-grid__product-link\">\n\t\t\t\t\t\n\t\t\t\t\t<div class=\"wc-block-grid__product-image\"><img loading=\"lazy\" decoding=\"async\" width=\"1200\" height=\"1799\" src=\"https:\/\/www.thecait.com\/wp-content\/uploads\/2026\/01\/Caits-FW-26-E-Comm-0048-pht3-1200x1799.jpg\" class=\"attachment-woocommerce_thumbnail size-woocommerce_thumbnail\" alt=\"Kali Shirt\" srcset=\"https:\/\/www.thecait.com\/wp-content\/uploads\/2026\/01\/Caits-FW-26-E-Comm-0048-pht3-1200x1799.jpg 1200w, https:\/\/www.thecait.com\/wp-content\/uploads\/2026\/01\/Caits-FW-26-E-Comm-0048-pht3-200x300.jpg 200w, https:\/\/www.thecait.com\/wp-content\/uploads\/2026\/01\/Caits-FW-26-E-Comm-0048-pht3-683x1024.jpg 683w, https:\/\/www.thecait.com\/wp-content\/uploads\/2026\/01\/Caits-FW-26-E-Comm-0048-pht3-768x1151.jpg 768w, https:\/\/www.thecait.com\/wp-content\/uploads\/2026\/01\/Caits-FW-26-E-Comm-0048-pht3-1025x1536.jpg 1025w, https:\/\/www.thecait.com\/wp-content\/uploads\/2026\/01\/Caits-FW-26-E-Comm-0048-pht3-1366x2048.jpg 1366w, https:\/\/www.thecait.com\/wp-content\/uploads\/2026\/01\/Caits-FW-26-E-Comm-0048-pht3-scaled.jpg 1708w\" sizes=\"(max-width: 1200px) 100vw, 1200px\" \/><\/div>\n\t\t\t\t\t<div class=\"wc-block-grid__product-title\">Kali Shirt<\/div>\n\t\t\t\t<\/a>\n\t\t\t\t<div class=\"wc-block-grid__product-price price\"><span class=\"woocommerce-Price-amount amount\">140,00&nbsp;<span class=\"woocommerce-Price-currencySymbol\">&euro;<\/span><\/span><\/div>\n\t\t\t\t\n\t\t\t\t<div class=\"wp-block-button wc-block-grid__product-add-to-cart\"><a href=\"https:\/\/www.thecait.com\/en\/product\/kali-shirt\/\" aria-label=\"Select options for &ldquo;Kali Shirt&rdquo;\" data-quantity=\"1\" data-product_id=\"8818\" data-product_sku=\"\" data-price=\"103.95\" rel=\"nofollow\" class=\"wp-block-button__link  add_to_cart_button\">Select options<\/a><\/div>\n\t\t\t<\/li><\/ul><\/div><\/div>\n<\/div>\n","protected":false},"excerpt":{"rendered":"\u0130lginizi \u00e7ekebilir\u2026 Sepetiniz \u015fu anda bo\u015f! Ma\u011fazada yeni","protected":false},"author":2,"featured_media":0,"parent":0,"menu_order":0,"comment_status":"closed","ping_status":"closed","template":"","meta":{"footnotes":""},"class_list":["post-6507","page","type-page","status-publish"],"_links":{"self":[{"href":"https:\/\/www.thecait.com\/en\/wp-json\/wp\/v2\/pages\/6507","targetHints":{"allow":["GET"]}}],"collection":[{"href":"https:\/\/www.thecait.com\/en\/wp-json\/wp\/v2\/pages"}],"about":[{"href":"https:\/\/www.thecait.com\/en\/wp-json\/wp\/v2\/types\/page"}],"author":[{"embeddable":true,"href":"https:\/\/www.thecait.com\/en\/wp-json\/wp\/v2\/users\/2"}],"replies":[{"embeddable":true,"href":"https:\/\/www.thecait.com\/en\/wp-json\/wp\/v2\/comments?post=6507"}],"version-history":[{"count":0,"href":"https:\/\/www.thecait.com\/en\/wp-json\/wp\/v2\/pages\/6507\/revisions"}],"wp:attachment":[{"href":"https:\/\/www.thecait.com\/en\/wp-json\/wp\/v2\/media?parent=6507"}],"curies":[{"name":"wp","href":"https:\/\/api.w.org\/{rel}","templated":true}]}}